{"id":1042,"date":"2023-04-05T23:55:56","date_gmt":"2023-04-05T23:55:56","guid":{"rendered":"https:\/\/nuevo.aprende.munasimkullakita.org\/?page_id=1042"},"modified":"2025-03-17T09:46:24","modified_gmt":"2025-03-17T13:46:24","slug":"metodologia","status":"publish","type":"page","link":"https:\/\/aprende.munasimkullakita.org\/?page_id=1042","title":{"rendered":"Metodolog\u00eda"},"content":{"rendered":"\t\t<div data-elementor-type=\"wp-page\" data-elementor-id=\"1042\" class=\"elementor elementor-1042\" data-elementor-post-type=\"page\">\n\t\t\t\t\t\t<section class=\"elementor-section elementor-top-section elementor-element elementor-element-59b23800 elementor-section-full_width elementor-section-height-default elementor-section-height-default wpr-jarallax-no wpr-parallax-no wpr-sticky-section-no\" data-id=\"59b23800\" data-element_type=\"section\" data-settings=\"{&quot;background_background&quot;:&quot;slideshow&quot;,&quot;background_slideshow_gallery&quot;:[{&quot;id&quot;:2574,&quot;url&quot;:&quot;https:\\\/\\\/aprende.munasimkullakita.org\\\/wp-content\\\/uploads\\\/2023\\\/04\\\/ZOES-2.-Implementacion-de-las-ZOEs-por-los-NNAs-Lideres-1-scaled.webp&quot;},{&quot;id&quot;:2573,&quot;url&quot;:&quot;https:\\\/\\\/aprende.munasimkullakita.org\\\/wp-content\\\/uploads\\\/2023\\\/04\\\/Foto-4-trabajo-con-Redes-Comunitarias-Red-Operativa-importante-para-la-inclusion-social-de-personas-en-situacio-de-calle-1.webp&quot;},{&quot;id&quot;:2572,&quot;url&quot;:&quot;https:\\\/\\\/aprende.munasimkullakita.org\\\/wp-content\\\/uploads\\\/2023\\\/04\\\/GRUPOD1-1-scaled.webp&quot;},{&quot;id&quot;:2571,&quot;url&quot;:&quot;https:\\\/\\\/aprende.munasimkullakita.org\\\/wp-content\\\/uploads\\\/2023\\\/04\\\/198088633_1755213811317269_1862028871331220457_n-1.webp&quot;},{&quot;id&quot;:2569,&quot;url&quot;:&quot;https:\\\/\\\/aprende.munasimkullakita.org\\\/wp-content\\\/uploads\\\/2023\\\/04\\\/DSC_0257-1-scaled.webp&quot;}],&quot;background_slideshow_ken_burns&quot;:&quot;yes&quot;,&quot;background_slideshow_loop&quot;:&quot;yes&quot;,&quot;background_slideshow_slide_duration&quot;:5000,&quot;background_slideshow_slide_transition&quot;:&quot;fade&quot;,&quot;background_slideshow_transition_duration&quot;:500,&quot;background_slideshow_ken_burns_zoom_direction&quot;:&quot;in&quot;}\">\n\t\t\t\t\t\t\t<div class=\"elementor-background-overlay\"><\/div>\n\t\t\t\t\t\t\t<div class=\"elementor-container elementor-column-gap-default\">\n\t\t\t\t\t<div class=\"elementor-column elementor-col-100 elementor-top-column elementor-element elementor-element-7498a2a\" data-id=\"7498a2a\" data-element_type=\"column\">\n\t\t\t<div class=\"elementor-widget-wrap\">\n\t\t\t\t\t\t\t<\/div>\n\t\t<\/div>\n\t\t\t\t\t<\/div>\n\t\t<\/section>\n\t\t\t\t<section class=\"elementor-section elementor-top-section elementor-element elementor-element-1d02d389 elementor-section-full_width elementor-section-height-default elementor-section-height-default wpr-particle-no wpr-jarallax-no wpr-parallax-no wpr-sticky-section-no\" data-id=\"1d02d389\" data-element_type=\"section\" data-settings=\"{&quot;background_background&quot;:&quot;classic&quot;}\">\n\t\t\t\t\t\t<div class=\"elementor-container elementor-column-gap-default\">\n\t\t\t\t\t<div class=\"elementor-column elementor-col-100 elementor-top-column elementor-element elementor-element-6e50d66e\" data-id=\"6e50d66e\" data-element_type=\"column\">\n\t\t\t<div class=\"elementor-widget-wrap elementor-element-populated\">\n\t\t\t\t\t\t<div class=\"elementor-element elementor-element-7a5a393d elementor-widget elementor-widget-heading\" data-id=\"7a5a393d\" data-element_type=\"widget\" data-widget_type=\"heading.default\">\n\t\t\t\t<div class=\"elementor-widget-container\">\n\t\t\t<h2 class=\"elementor-heading-title elementor-size-default\">Metodolog\u00eda <\/h2>\t\t<\/div>\n\t\t\t\t<\/div>\n\t\t\t\t\t<\/div>\n\t\t<\/div>\n\t\t\t\t\t<\/div>\n\t\t<\/section>\n\t\t\t\t<section class=\"elementor-section elementor-top-section elementor-element elementor-element-3674b606 elementor-section-full_width elementor-section-height-default elementor-section-height-default wpr-particle-no wpr-jarallax-no wpr-parallax-no wpr-sticky-section-no\" data-id=\"3674b606\" data-element_type=\"section\">\n\t\t\t\t\t\t<div class=\"elementor-container elementor-column-gap-default\">\n\t\t\t\t\t<div class=\"elementor-column elementor-col-100 elementor-top-column elementor-element elementor-element-3572fea4\" data-id=\"3572fea4\" data-element_type=\"column\">\n\t\t\t<div class=\"elementor-widget-wrap elementor-element-populated\">\n\t\t\t\t\t\t<div class=\"elementor-element elementor-element-43e5908c elementor-widget elementor-widget-text-editor\" data-id=\"43e5908c\" data-element_type=\"widget\" data-widget_type=\"text-editor.default\">\n\t\t\t\t<div class=\"elementor-widget-container\">\n\t\t\t\t\t\t\t<p>La metodolog\u00eda de la fundaci\u00f3n para abordar la situaci\u00f3n de vulnerabilidad en la ni\u00f1ez y adolescencia en Bolivia, se puede desglosar en los siguientes pasos:<\/p><p>\u00a0<\/p><ol><li><p>Identificaci\u00f3n de la problem\u00e1tica: La fundaci\u00f3n ha identificado que la ni\u00f1ez y adolescencia en Bolivia representan una tercera parte de la poblaci\u00f3n del pa\u00eds y que no han recibido la atenci\u00f3n necesaria en cumplimiento a sus derechos, atenci\u00f3n a sus demandas y expectativas dentro de las agendas p\u00fablicas y pol\u00edticas. Asimismo, se evidencia un aumento de la vulnerabilidad debido a la pandemia de COVID-19, la crisis social y humanitaria, la migraci\u00f3n forzada, el trabajo infantil peligroso, la explotaci\u00f3n sexual y la violencia de g\u00e9nero.<\/p><\/li><li><p>An\u00e1lisis y diagn\u00f3stico de la situaci\u00f3n: La fundaci\u00f3n realiza un an\u00e1lisis y diagn\u00f3stico de la situaci\u00f3n actual en Bolivia, identificando las causas y consecuencias de la problem\u00e1tica, as\u00ed como las necesidades y demandas de la poblaci\u00f3n infantil y juvenil en situaci\u00f3n de vulnerabilidad.<\/p><\/li><li><p>Dise\u00f1o y planificaci\u00f3n de intervenciones: A partir del an\u00e1lisis y diagn\u00f3stico, se dise\u00f1a y planifica un conjunto de intervenciones y programas enfocados en atender las necesidades de la poblaci\u00f3n infantil y juvenil en situaci\u00f3n de vulnerabilidad, garantizando sus derechos y su bienestar.<\/p><\/li><li><p>Implementaci\u00f3n de las intervenciones: La fundaci\u00f3n lleva a cabo la implementaci\u00f3n de las intervenciones y programas dise\u00f1ados, estableciendo alianzas y colaboraciones con otras organizaciones y actores relevantes en el \u00e1mbito de la ni\u00f1ez y adolescencia.<\/p><\/li><li><p>Evaluaci\u00f3n y seguimiento: Se realiza un seguimiento constante de las intervenciones y programas implementados, evaluando su impacto y eficacia, as\u00ed como su relevancia en el contexto actual. Esto permite ajustar y mejorar las intervenciones y programas en funci\u00f3n de las necesidades y demandas de la poblaci\u00f3n infantil y juvenil en situaci\u00f3n de vulnerabilidad.<\/p><\/li><li><p>Comunicaci\u00f3n y sensibilizaci\u00f3n: La fundaci\u00f3n realiza campa\u00f1as de comunicaci\u00f3n y sensibilizaci\u00f3n dirigidas a la sociedad en general, con el objetivo de concientizar sobre la importancia de garantizar los derechos de la ni\u00f1ez y adolescencia, promover su bienestar y prevenir situaciones de vulnerabilidad y violencia.<\/p><\/li><\/ol>\t\t\t\t\t\t<\/div>\n\t\t\t\t<\/div>\n\t\t\t\t\t<\/div>\n\t\t<\/div>\n\t\t\t\t\t<\/div>\n\t\t<\/section>\n\t\t\t\t<\/div>\n\t\t","protected":false},"excerpt":{"rendered":"<p>Metodolog\u00eda La metodolog\u00eda de la fundaci\u00f3n para abordar la situaci\u00f3n de vulnerabilidad en la ni\u00f1ez y adolescencia en Bolivia, se puede desglosar en los siguientes pasos: \u00a0 Identificaci\u00f3n de la problem\u00e1tica: La fundaci\u00f3n ha identificado que la ni\u00f1ez y adolescencia en Bolivia representan una tercera parte de la poblaci\u00f3n del pa\u00eds y que no han recibido la atenci\u00f3n necesaria en cumplimiento a sus derechos, atenci\u00f3n a sus demandas y expectativas dentro de las agendas p\u00fablicas y pol\u00edticas. Asimismo, se evidencia un aumento de la vulnerabilidad debido a la pandemia de COVID-19, la crisis social y humanitaria, la migraci\u00f3n forzada, el trabajo infantil peligroso, la explotaci\u00f3n sexual y la violencia de g\u00e9nero. An\u00e1lisis y diagn\u00f3stico de la situaci\u00f3n: La fundaci\u00f3n realiza un an\u00e1lisis y diagn\u00f3stico de la situaci\u00f3n actual en Bolivia, identificando las causas y consecuencias de la problem\u00e1tica, as\u00ed como las necesidades y demandas de la poblaci\u00f3n infantil y juvenil en situaci\u00f3n de vulnerabilidad. Dise\u00f1o y planificaci\u00f3n de intervenciones: A partir del an\u00e1lisis y diagn\u00f3stico, se dise\u00f1a y planifica un conjunto de intervenciones y programas enfocados en atender las necesidades de la poblaci\u00f3n infantil y juvenil en situaci\u00f3n de vulnerabilidad, garantizando sus derechos y su bienestar. Implementaci\u00f3n de las intervenciones: La fundaci\u00f3n lleva a cabo la implementaci\u00f3n de las intervenciones y programas dise\u00f1ados, estableciendo alianzas y colaboraciones con otras organizaciones y actores relevantes en el \u00e1mbito de la ni\u00f1ez y adolescencia. Evaluaci\u00f3n y seguimiento: Se realiza un seguimiento constante de las intervenciones y programas implementados, evaluando su impacto y eficacia, as\u00ed como su relevancia en el contexto actual. Esto permite ajustar y mejorar las intervenciones y programas en funci\u00f3n de las necesidades y demandas de la poblaci\u00f3n infantil y juvenil en situaci\u00f3n de vulnerabilidad. Comunicaci\u00f3n y sensibilizaci\u00f3n: La fundaci\u00f3n realiza campa\u00f1as de comunicaci\u00f3n y sensibilizaci\u00f3n dirigidas a la sociedad en general, con el objetivo de concientizar sobre la importancia de garantizar los derechos de la ni\u00f1ez y adolescencia, promover su bienestar y prevenir situaciones de vulnerabilidad y violencia.<\/p>\n","protected":false},"author":2,"featured_media":0,"parent":0,"menu_order":0,"comment_status":"closed","ping_status":"closed","template":"","meta":{"inline_featured_image":false,"footnotes":""},"class_list":["post-1042","page","type-page","status-publish","hentry"],"_links":{"self":[{"href":"https:\/\/aprende.munasimkullakita.org\/index.php?rest_route=\/wp\/v2\/pages\/1042"}],"collection":[{"href":"https:\/\/aprende.munasimkullakita.org\/index.php?rest_route=\/wp\/v2\/pages"}],"about":[{"href":"https:\/\/aprende.munasimkullakita.org\/index.php?rest_route=\/wp\/v2\/types\/page"}],"author":[{"embeddable":true,"href":"https:\/\/aprende.munasimkullakita.org\/index.php?rest_route=\/wp\/v2\/users\/2"}],"replies":[{"embeddable":true,"href":"https:\/\/aprende.munasimkullakita.org\/index.php?rest_route=%2Fwp%2Fv2%2Fcomments&post=1042"}],"version-history":[{"count":14,"href":"https:\/\/aprende.munasimkullakita.org\/index.php?rest_route=\/wp\/v2\/pages\/1042\/revisions"}],"predecessor-version":[{"id":3755,"href":"https:\/\/aprende.munasimkullakita.org\/index.php?rest_route=\/wp\/v2\/pages\/1042\/revisions\/3755"}],"wp:attachment":[{"href":"https:\/\/aprende.munasimkullakita.org\/index.php?rest_route=%2Fwp%2Fv2%2Fmedia&parent=1042"}],"curies":[{"name":"wp","href":"https:\/\/api.w.org\/{rel}","templated":true}]}}